{"id":10420,"date":"2022-06-07T12:10:07","date_gmt":"2022-06-07T10:10:07","guid":{"rendered":"https:\/\/www.vins-bergeracduras.fr\/wine-tourism\/les-maisons-des-vins\/maison-des-vins-de-duras\/"},"modified":"2024-12-21T17:09:17","modified_gmt":"2024-12-21T16:09:17","slug":"maison-des-vins-de-duras","status":"publish","type":"page","link":"https:\/\/www.vins-bergeracduras.fr\/en\/wine-tourism\/les-maisons-des-vins\/maison-des-vins-de-duras\/","title":{"rendered":"Maison des vins de Duras"},"content":{"rendered":"\t\t<div data-elementor-type=\"wp-page\" data-elementor-id=\"10420\" class=\"elementor elementor-10420 elementor-721\" data-elementor-post-type=\"page\">\n\t\t\t\t\t\t<section class=\"elementor-section elementor-top-section elementor-element elementor-element-30e2ec55 elementor-section-boxed elementor-section-height-default elementor-section-height-default\" data-id=\"30e2ec55\" data-element_type=\"section\">\r\n\t\t\r\n\t\t\t\t\t\t\t<div class=\"elementor-container elementor-column-gap-default\">\r\n\t\t\t\t\t\t\t\t\t\t\t<div class=\"elementor-column elementor-col-100 elementor-top-column elementor-element elementor-element-3d61026e\" data-id=\"3d61026e\" data-element_type=\"column\" data-settings=\"{&quot;background_background&quot;:&quot;classic&quot;}\">\r\n\t\t\t\t\t<div class=\"elementor-widget-wrap elementor-element-populated\">\r\n\t\t\t\t\t\t\t\t<div class=\"elementor-element elementor-element-61773e9 elementor-widget elementor-widget-heading\" data-id=\"61773e9\" data-element_type=\"widget\" data-widget_type=\"heading.default\">\n\t\t\t\t<div class=\"elementor-widget-container\">\n\t\t\t\t\t<h1 class=\"elementor-heading-title elementor-size-default\">Maison des Vins de Duras<\/h1>\t\t\t\t<\/div>\n\t\t\t\t<\/div>\n\t\t\t\t<section class=\"elementor-section elementor-inner-section elementor-element elementor-element-417d32d1 elementor-section-boxed elementor-section-height-default elementor-section-height-default\" data-id=\"417d32d1\" data-element_type=\"section\">\r\n\t\t\r\n\t\t\t\t\t\t\t<div class=\"elementor-container elementor-column-gap-default\">\r\n\t\t\t\t\t\t\t\t\t\t\t<div class=\"elementor-column elementor-col-33 elementor-inner-column elementor-element elementor-element-2a4bb16c\" data-id=\"2a4bb16c\" data-element_type=\"column\">\r\n\t\t\t\t\t<div class=\"elementor-widget-wrap\">\r\n\t\t\t\t\t\t\t\t\t<\/div>\r\n\t\t\t\t<\/div>\r\n\t\t\t\t<div class=\"elementor-column elementor-col-33 elementor-inner-column elementor-element elementor-element-124d683c\" data-id=\"124d683c\" data-element_type=\"column\">\r\n\t\t\t\t\t<div class=\"elementor-widget-wrap elementor-element-populated\">\r\n\t\t\t\t\t\t\t\t<div class=\"elementor-element elementor-element-3617bfd3 elementor-widget elementor-widget-text-editor\" data-id=\"3617bfd3\" data-element_type=\"widget\" data-widget_type=\"text-editor.default\">\n\t\t\t\t<div class=\"elementor-widget-container\">\n\t\t\t\t\t\t\t\t\t<p style=\"text-align: center;\">Maison des Vins de Duras takes visitors on a sensational (in every sense of the word) adventure exploring the vineyard on the edge of the village and its fabulous Ch\u00e2teau!<\/p>\t\t\t\t\t\t\t\t<\/div>\n\t\t\t\t<\/div>\n\t\t\t\t\t<\/div>\r\n\t\t\t\t<\/div>\r\n\t\t\t\t<div class=\"elementor-column elementor-col-33 elementor-inner-column elementor-element elementor-element-17d92495\" data-id=\"17d92495\" data-element_type=\"column\">\r\n\t\t\t\t\t<div class=\"elementor-widget-wrap\">\r\n\t\t\t\t\t\t\t\t\t<\/div>\r\n\t\t\t\t<\/div>\r\n\t\t\t\t\t<\/div>\r\n\t\t\t\t<\/section>\r\n\t\t\t\t\t<\/div>\r\n\t\t\t\t<\/div>\r\n\t\t\t\t\t<\/div>\r\n\t\t\t\t<\/section>\r\n\t\t\t\t<section class=\"elementor-section elementor-top-section elementor-element elementor-element-24796a5d elementor-section-content-middle elementor-section-boxed elementor-section-height-default elementor-section-height-default\" data-id=\"24796a5d\" data-element_type=\"section\">\r\n\t\t\r\n\t\t\t\t\t\t\t<div class=\"elementor-container elementor-column-gap-default\">\r\n\t\t\t\t\t\t\t\t\t\t\t<div class=\"elementor-column elementor-col-50 elementor-top-column elementor-element elementor-element-6ee8d568\" data-id=\"6ee8d568\" data-element_type=\"column\">\r\n\t\t\t\t\t<div class=\"elementor-widget-wrap elementor-element-populated\">\r\n\t\t\t\t\t\t\t\t<div class=\"elementor-element elementor-element-255f4abd elementor-widget elementor-widget-image\" data-id=\"255f4abd\" data-element_type=\"widget\" data-settings=\"{&quot;motion_fx_motion_fx_scrolling&quot;:&quot;yes&quot;,&quot;motion_fx_translateX_effect&quot;:&quot;yes&quot;,&quot;motion_fx_translateX_speed&quot;:{&quot;unit&quot;:&quot;px&quot;,&quot;size&quot;:1.8,&quot;sizes&quot;:[]},&quot;motion_fx_translateX_affectedRange&quot;:{&quot;unit&quot;:&quot;%&quot;,&quot;size&quot;:&quot;&quot;,&quot;sizes&quot;:{&quot;start&quot;:0,&quot;end&quot;:100}},&quot;motion_fx_devices&quot;:[&quot;desktop&quot;,&quot;tablet&quot;,&quot;mobile&quot;]}\" data-widget_type=\"image.default\">\n\t\t\t\t<div class=\"elementor-widget-container\">\n\t\t\t\t\t\t\t\t\t\t\t\t\t\t\t<img fetchpriority=\"high\" decoding=\"async\" width=\"960\" height=\"640\" src=\"https:\/\/www.vins-bergeracduras.fr\/wp-content\/uploads\/2022\/08\/Maison-des-vins-Duras.jpg\" class=\"attachment-large size-large wp-image-9585\" alt=\"\" srcset=\"https:\/\/www.vins-bergeracduras.fr\/wp-content\/uploads\/2022\/08\/Maison-des-vins-Duras.jpg 960w, https:\/\/www.vins-bergeracduras.fr\/wp-content\/uploads\/2022\/08\/Maison-des-vins-Duras-768x512.jpg 768w, https:\/\/www.vins-bergeracduras.fr\/wp-content\/uploads\/2022\/08\/Maison-des-vins-Duras-640x427.jpg 640w, https:\/\/www.vins-bergeracduras.fr\/wp-content\/uploads\/2022\/08\/Maison-des-vins-Duras-400x267.jpg 400w, https:\/\/www.vins-bergeracduras.fr\/wp-content\/uploads\/2022\/08\/Maison-des-vins-Duras-367x245.jpg 367w\" sizes=\"(max-width: 960px) 100vw, 960px\" \/>\t\t\t\t\t\t\t\t\t\t\t\t\t\t\t<\/div>\n\t\t\t\t<\/div>\n\t\t\t\t\t<\/div>\r\n\t\t\t\t<\/div>\r\n\t\t\t\t<div class=\"elementor-column elementor-col-50 elementor-top-column elementor-element elementor-element-3e32dce4\" data-id=\"3e32dce4\" data-element_type=\"column\">\r\n\t\t\t\t\t<div class=\"elementor-widget-wrap elementor-element-populated\">\r\n\t\t\t\t\t\t\t\t<div class=\"elementor-element elementor-element-dc9a1dd elementor-widget elementor-widget-heading\" data-id=\"dc9a1dd\" data-element_type=\"widget\" data-widget_type=\"heading.default\">\n\t\t\t\t<div class=\"elementor-widget-container\">\n\t\t\t\t\t<h2 class=\"elementor-heading-title elementor-size-default\">Dive into the world of wine!<\/h2>\t\t\t\t<\/div>\n\t\t\t\t<\/div>\n\t\t\t\t<div class=\"elementor-element elementor-element-241be47d elementor-widget elementor-widget-text-editor\" data-id=\"241be47d\" data-element_type=\"widget\" data-widget_type=\"text-editor.default\">\n\t\t\t\t<div class=\"elementor-widget-container\">\n\t\t\t\t\t\t\t\t\t<p><span style=\"font-weight: 400;\">Maison des\u00a0Vins brings you a guided tasting experience sampling several wine options. The shop offers a selection of 96 wines (red, dry white, sweet and ros\u00e9) from 25 wineries and ch\u00e2teaux in the C\u00f4tes de\u00a0Duras appellation. <\/span><\/p>\t\t\t\t\t\t\t\t<\/div>\n\t\t\t\t<\/div>\n\t\t\t\t\t<\/div>\r\n\t\t\t\t<\/div>\r\n\t\t\t\t\t<\/div>\r\n\t\t\t\t<\/section>\r\n\t\t\t\t<section class=\"elementor-section elementor-top-section elementor-element elementor-element-756ce7b1 elementor-section-content-middle elementor-section-boxed elementor-section-height-default elementor-section-height-default\" data-id=\"756ce7b1\" data-element_type=\"section\">\r\n\t\t\r\n\t\t\t\t\t\t\t<div class=\"elementor-container elementor-column-gap-default\">\r\n\t\t\t\t\t\t\t\t\t\t\t<div class=\"elementor-column elementor-col-33 elementor-top-column elementor-element elementor-element-60f4e64c\" data-id=\"60f4e64c\" data-element_type=\"column\">\r\n\t\t\t\t\t<div class=\"elementor-widget-wrap elementor-element-populated\">\r\n\t\t\t\t\t\t\t\t<div class=\"elementor-element elementor-element-2eda5ec elementor-widget elementor-widget-image\" data-id=\"2eda5ec\" data-element_type=\"widget\" data-settings=\"{&quot;motion_fx_motion_fx_scrolling&quot;:&quot;yes&quot;,&quot;motion_fx_translateY_effect&quot;:&quot;yes&quot;,&quot;motion_fx_translateY_direction&quot;:&quot;negative&quot;,&quot;motion_fx_translateY_speed&quot;:{&quot;unit&quot;:&quot;px&quot;,&quot;size&quot;:2,&quot;sizes&quot;:[]},&quot;motion_fx_translateY_affectedRange&quot;:{&quot;unit&quot;:&quot;%&quot;,&quot;size&quot;:&quot;&quot;,&quot;sizes&quot;:{&quot;start&quot;:34,&quot;end&quot;:100}},&quot;motion_fx_devices&quot;:[&quot;desktop&quot;,&quot;tablet&quot;,&quot;mobile&quot;]}\" data-widget_type=\"image.default\">\n\t\t\t\t<div class=\"elementor-widget-container\">\n\t\t\t\t\t\t\t\t\t\t\t\t\t\t\t<img decoding=\"async\" width=\"768\" height=\"1024\" src=\"https:\/\/www.vins-bergeracduras.fr\/wp-content\/uploads\/2022\/09\/IMG_20190707_120805-1-768x1024.jpg\" class=\"attachment-large size-large wp-image-9652\" alt=\"\" srcset=\"https:\/\/www.vins-bergeracduras.fr\/wp-content\/uploads\/2022\/09\/IMG_20190707_120805-1-768x1024.jpg 768w, https:\/\/www.vins-bergeracduras.fr\/wp-content\/uploads\/2022\/09\/IMG_20190707_120805-1-640x853.jpg 640w, https:\/\/www.vins-bergeracduras.fr\/wp-content\/uploads\/2022\/09\/IMG_20190707_120805-1-400x533.jpg 400w, https:\/\/www.vins-bergeracduras.fr\/wp-content\/uploads\/2022\/09\/IMG_20190707_120805-1-367x489.jpg 367w\" sizes=\"(max-width: 768px) 100vw, 768px\" \/>\t\t\t\t\t\t\t\t\t\t\t\t\t\t\t<\/div>\n\t\t\t\t<\/div>\n\t\t\t\t\t<\/div>\r\n\t\t\t\t<\/div>\r\n\t\t\t\t<div class=\"elementor-column elementor-col-33 elementor-top-column elementor-element elementor-element-2bf057d\" data-id=\"2bf057d\" data-element_type=\"column\">\r\n\t\t\t\t\t<div class=\"elementor-widget-wrap elementor-element-populated\">\r\n\t\t\t\t\t\t\t\t<div class=\"elementor-element elementor-element-693155c elementor-widget elementor-widget-text-editor\" data-id=\"693155c\" data-element_type=\"widget\" data-widget_type=\"text-editor.default\">\n\t\t\t\t<div class=\"elementor-widget-container\">\n\t\t\t\t\t\t\t\t\t<p style=\"text-align: center;\"><span style=\"font-weight: 400;\">It also provides a free, permanent game-changing introductory experience for all ages called \u2018Les Cl\u00e9s du vignoble*\u2019. The introductory trail in the vine garden is designed by the appellation\u2019s winemakers!<\/span><\/p><p style=\"text-align: center;\">Take your first steps in the Duras vineyard and soak up these artisans\u2019 wine and expertise!<\/p>\t\t\t\t\t\t\t\t<\/div>\n\t\t\t\t<\/div>\n\t\t\t\t\t<\/div>\r\n\t\t\t\t<\/div>\r\n\t\t\t\t<div class=\"elementor-column elementor-col-33 elementor-top-column elementor-element elementor-element-b4a09da\" data-id=\"b4a09da\" data-element_type=\"column\">\r\n\t\t\t\t\t<div class=\"elementor-widget-wrap elementor-element-populated\">\r\n\t\t\t\t\t\t\t\t<div class=\"elementor-element elementor-element-4de0672 elementor-widget elementor-widget-image\" data-id=\"4de0672\" data-element_type=\"widget\" data-settings=\"{&quot;motion_fx_motion_fx_scrolling&quot;:&quot;yes&quot;,&quot;motion_fx_translateY_effect&quot;:&quot;yes&quot;,&quot;motion_fx_translateY_speed&quot;:{&quot;unit&quot;:&quot;px&quot;,&quot;size&quot;:4,&quot;sizes&quot;:[]},&quot;motion_fx_translateY_affectedRange&quot;:{&quot;unit&quot;:&quot;%&quot;,&quot;size&quot;:&quot;&quot;,&quot;sizes&quot;:{&quot;start&quot;:0,&quot;end&quot;:100}},&quot;motion_fx_devices&quot;:[&quot;desktop&quot;,&quot;tablet&quot;,&quot;mobile&quot;]}\" data-widget_type=\"image.default\">\n\t\t\t\t<div class=\"elementor-widget-container\">\n\t\t\t\t\t\t\t\t\t\t\t\t\t\t\t<img decoding=\"async\" width=\"402\" height=\"499\" src=\"https:\/\/www.vins-bergeracduras.fr\/wp-content\/uploads\/2022\/08\/Duras.jpg\" class=\"attachment-large size-large wp-image-9591\" alt=\"\" srcset=\"https:\/\/www.vins-bergeracduras.fr\/wp-content\/uploads\/2022\/08\/Duras.jpg 402w, https:\/\/www.vins-bergeracduras.fr\/wp-content\/uploads\/2022\/08\/Duras-400x497.jpg 400w, https:\/\/www.vins-bergeracduras.fr\/wp-content\/uploads\/2022\/08\/Duras-367x456.jpg 367w\" sizes=\"(max-width: 402px) 100vw, 402px\" \/>\t\t\t\t\t\t\t\t\t\t\t\t\t\t\t<\/div>\n\t\t\t\t<\/div>\n\t\t\t\t\t<\/div>\r\n\t\t\t\t<\/div>\r\n\t\t\t\t\t<\/div>\r\n\t\t\t\t<\/section>\r\n\t\t\t\t<section class=\"elementor-section elementor-top-section elementor-element elementor-element-6ab3e03a elementor-section-content-middle elementor-section-boxed elementor-section-height-default elementor-section-height-default\" data-id=\"6ab3e03a\" data-element_type=\"section\">\r\n\t\t\r\n\t\t\t\t\t\t\t<div class=\"elementor-container elementor-column-gap-default\">\r\n\t\t\t\t\t\t\t\t\t\t\t<div class=\"elementor-column elementor-col-100 elementor-top-column elementor-element elementor-element-31916e03\" data-id=\"31916e03\" data-element_type=\"column\">\r\n\t\t\t\t\t<div class=\"elementor-widget-wrap elementor-element-populated\">\r\n\t\t\t\t\t\t\t\t<div class=\"elementor-element elementor-element-3fd690f2 elementor-widget elementor-widget-heading\" data-id=\"3fd690f2\" data-element_type=\"widget\" data-widget_type=\"heading.default\">\n\t\t\t\t<div class=\"elementor-widget-container\">\n\t\t\t\t\t<h2 class=\"elementor-heading-title elementor-size-default\">USEFUL INFORMATION<\/h2>\t\t\t\t<\/div>\n\t\t\t\t<\/div>\n\t\t\t\t<section class=\"elementor-section elementor-inner-section elementor-element elementor-element-35419bc elementor-section-boxed elementor-section-height-default elementor-section-height-default\" data-id=\"35419bc\" data-element_type=\"section\">\r\n\t\t\r\n\t\t\t\t\t\t\t<div class=\"elementor-container elementor-column-gap-default\">\r\n\t\t\t\t\t\t\t\t\t\t\t<div class=\"elementor-column elementor-col-33 elementor-inner-column elementor-element elementor-element-8ce90e7\" data-id=\"8ce90e7\" data-element_type=\"column\">\r\n\t\t\t\t\t<div class=\"elementor-widget-wrap elementor-element-populated\">\r\n\t\t\t\t\t\t\t\t<div class=\"elementor-element elementor-element-9d4926f elementor-widget elementor-widget-heading\" data-id=\"9d4926f\" data-element_type=\"widget\" data-widget_type=\"heading.default\">\n\t\t\t\t<div class=\"elementor-widget-container\">\n\t\t\t\t\t<h2 class=\"elementor-heading-title elementor-size-default\">Address: <\/h2>\t\t\t\t<\/div>\n\t\t\t\t<\/div>\n\t\t\t\t<div class=\"elementor-element elementor-element-582a672 elementor-widget elementor-widget-text-editor\" data-id=\"582a672\" data-element_type=\"widget\" data-widget_type=\"text-editor.default\">\n\t\t\t\t<div class=\"elementor-widget-container\">\n\t\t\t\t\t\t\t\t\t<p>130 route du Stade<br \/>Fonrati\u00e8re-RD668<br \/>47120 DURAS<\/p>\n\t\t\t\t\t\t\t\t<\/div>\n\t\t\t\t<\/div>\n\t\t\t\t\t<\/div>\r\n\t\t\t\t<\/div>\r\n\t\t\t\t<div class=\"elementor-column elementor-col-33 elementor-inner-column elementor-element elementor-element-727ffe1\" data-id=\"727ffe1\" data-element_type=\"column\">\r\n\t\t\t\t\t<div class=\"elementor-widget-wrap elementor-element-populated\">\r\n\t\t\t\t\t\t\t\t<div class=\"elementor-element elementor-element-40bc194 elementor-widget elementor-widget-heading\" data-id=\"40bc194\" data-element_type=\"widget\" data-widget_type=\"heading.default\">\n\t\t\t\t<div class=\"elementor-widget-container\">\n\t\t\t\t\t<h2 class=\"elementor-heading-title elementor-size-default\">Contact:\n<\/h2>\t\t\t\t<\/div>\n\t\t\t\t<\/div>\n\t\t\t\t<div class=\"elementor-element elementor-element-40bf793 elementor-widget elementor-widget-text-editor\" data-id=\"40bf793\" data-element_type=\"widget\" data-widget_type=\"text-editor.default\">\n\t\t\t\t<div class=\"elementor-widget-container\">\n\t\t\t\t\t\t\t\t\t<p>Tel : +33 (0)5 53 94 13 48<br \/><a href=\"mailto:mdvduras@gmail.com\">mdvduras@gmail.com<\/a><\/p>\t\t\t\t\t\t\t\t<\/div>\n\t\t\t\t<\/div>\n\t\t\t\t\t<\/div>\r\n\t\t\t\t<\/div>\r\n\t\t\t\t<div class=\"elementor-column elementor-col-33 elementor-inner-column elementor-element elementor-element-90586e1\" data-id=\"90586e1\" data-element_type=\"column\">\r\n\t\t\t\t\t<div class=\"elementor-widget-wrap elementor-element-populated\">\r\n\t\t\t\t\t\t\t\t<div class=\"elementor-element elementor-element-e0d9fc1 elementor-widget elementor-widget-heading\" data-id=\"e0d9fc1\" data-element_type=\"widget\" data-widget_type=\"heading.default\">\n\t\t\t\t<div class=\"elementor-widget-container\">\n\t\t\t\t\t<h2 class=\"elementor-heading-title elementor-size-default\">Shop opening times: <\/h2>\t\t\t\t<\/div>\n\t\t\t\t<\/div>\n\t\t\t\t<div class=\"elementor-element elementor-element-848b164 elementor-widget elementor-widget-text-editor\" data-id=\"848b164\" data-element_type=\"widget\" data-widget_type=\"text-editor.default\">\n\t\t\t\t<div class=\"elementor-widget-container\">\n\t\t\t\t\t\t\t\t\t<p><span style=\"font-weight: 400;\">10 a.m.-1 p.m. and 2.30 p.m.-9 p.m. The grounds are open to visitors all year round with a picnic area.\u00a0<\/span><\/p><p><span style=\"font-weight: 400;\">Closed on Tuesday and Sunday<\/span><\/p>\t\t\t\t\t\t\t\t<\/div>\n\t\t\t\t<\/div>\n\t\t\t\t\t<\/div>\r\n\t\t\t\t<\/div>\r\n\t\t\t\t\t<\/div>\r\n\t\t\t\t<\/section>\r\n\t\t\t\t\t<\/div>\r\n\t\t\t\t<\/div>\r\n\t\t\t\t\t<\/div>\r\n\t\t\t\t<\/section>\r\n\t\t\t\t<\/div>\n\t\t","protected":false},"excerpt":{"rendered":"<p>Maison des Vins de Duras Maison des Vins de Duras takes visitors on a sensational (in every sense of the word) adventure exploring the vineyard on the edge of the village and its fabulous Ch\u00e2teau! Dive into the world of wine! Maison des\u00a0Vins brings you a guided tasting experience sampling several wine options. The shop [&hellip;]<\/p>\n","protected":false},"author":1,"featured_media":0,"parent":10419,"menu_order":0,"comment_status":"closed","ping_status":"closed","template":"","meta":{"_acf_changed":false,"_monsterinsights_skip_tracking":false,"_monsterinsights_sitenote_active":false,"_monsterinsights_sitenote_note":"","_monsterinsights_sitenote_category":0,"footnotes":""},"class_list":["post-10420","page","type-page","status-publish","hentry"],"acf":[],"yoast_head":"<!-- This site is optimized with the Yoast SEO plugin v25.5 - https:\/\/yoast.com\/wordpress\/plugins\/seo\/ -->\n<title>Maison des vins de Duras - Vins de Bergerac et Duras<\/title>\n<meta name=\"robots\" content=\"index, follow, max-snippet:-1, max-image-preview:large, max-video-preview:-1\" \/>\n<link rel=\"canonical\" href=\"https:\/\/www.vins-bergeracduras.fr\/en\/wine-tourism\/les-maisons-des-vins\/maison-des-vins-de-duras\/\" \/>\n<meta property=\"og:locale\" content=\"en_US\" \/>\n<meta property=\"og:type\" content=\"article\" \/>\n<meta property=\"og:title\" content=\"Maison des vins de Duras - Vins de Bergerac et Duras\" \/>\n<meta property=\"og:description\" content=\"Maison des Vins de Duras Maison des Vins de Duras takes visitors on a sensational (in every sense of the word) adventure exploring the vineyard on the edge of the village and its fabulous Ch\u00e2teau! Dive into the world of wine! Maison des\u00a0Vins brings you a guided tasting experience sampling several wine options. The shop [&hellip;]\" \/>\n<meta property=\"og:url\" content=\"https:\/\/www.vins-bergeracduras.fr\/en\/wine-tourism\/les-maisons-des-vins\/maison-des-vins-de-duras\/\" \/>\n<meta property=\"og:site_name\" content=\"Vins de Bergerac et Duras\" \/>\n<meta property=\"article:modified_time\" content=\"2024-12-21T16:09:17+00:00\" \/>\n<meta property=\"og:image\" content=\"https:\/\/www.vins-bergeracduras.fr\/wp-content\/uploads\/2022\/08\/Maison-des-vins-Duras.jpg\" \/>\n<meta name=\"twitter:card\" content=\"summary_large_image\" \/>\n<meta name=\"twitter:label1\" content=\"Est. reading time\" \/>\n\t<meta name=\"twitter:data1\" content=\"2 minutes\" \/>\n<script type=\"application\/ld+json\" class=\"yoast-schema-graph\">{\"@context\":\"https:\/\/schema.org\",\"@graph\":[{\"@type\":\"WebPage\",\"@id\":\"https:\/\/www.vins-bergeracduras.fr\/en\/wine-tourism\/les-maisons-des-vins\/maison-des-vins-de-duras\/\",\"url\":\"https:\/\/www.vins-bergeracduras.fr\/en\/wine-tourism\/les-maisons-des-vins\/maison-des-vins-de-duras\/\",\"name\":\"Maison des vins de Duras - Vins de Bergerac et Duras\",\"isPartOf\":{\"@id\":\"https:\/\/www.vins-bergeracduras.fr\/#website\"},\"primaryImageOfPage\":{\"@id\":\"https:\/\/www.vins-bergeracduras.fr\/en\/wine-tourism\/les-maisons-des-vins\/maison-des-vins-de-duras\/#primaryimage\"},\"image\":{\"@id\":\"https:\/\/www.vins-bergeracduras.fr\/en\/wine-tourism\/les-maisons-des-vins\/maison-des-vins-de-duras\/#primaryimage\"},\"thumbnailUrl\":\"https:\/\/www.vins-bergeracduras.fr\/wp-content\/uploads\/2022\/08\/Maison-des-vins-Duras.jpg\",\"datePublished\":\"2022-06-07T10:10:07+00:00\",\"dateModified\":\"2024-12-21T16:09:17+00:00\",\"breadcrumb\":{\"@id\":\"https:\/\/www.vins-bergeracduras.fr\/en\/wine-tourism\/les-maisons-des-vins\/maison-des-vins-de-duras\/#breadcrumb\"},\"inLanguage\":\"en-US\",\"potentialAction\":[{\"@type\":\"ReadAction\",\"target\":[\"https:\/\/www.vins-bergeracduras.fr\/en\/wine-tourism\/les-maisons-des-vins\/maison-des-vins-de-duras\/\"]}]},{\"@type\":\"ImageObject\",\"inLanguage\":\"en-US\",\"@id\":\"https:\/\/www.vins-bergeracduras.fr\/en\/wine-tourism\/les-maisons-des-vins\/maison-des-vins-de-duras\/#primaryimage\",\"url\":\"https:\/\/www.vins-bergeracduras.fr\/wp-content\/uploads\/2022\/08\/Maison-des-vins-Duras.jpg\",\"contentUrl\":\"https:\/\/www.vins-bergeracduras.fr\/wp-content\/uploads\/2022\/08\/Maison-des-vins-Duras.jpg\"},{\"@type\":\"BreadcrumbList\",\"@id\":\"https:\/\/www.vins-bergeracduras.fr\/en\/wine-tourism\/les-maisons-des-vins\/maison-des-vins-de-duras\/#breadcrumb\",\"itemListElement\":[{\"@type\":\"ListItem\",\"position\":1,\"name\":\"Accueil\",\"item\":\"https:\/\/www.vins-bergeracduras.fr\/en\/home\/\"},{\"@type\":\"ListItem\",\"position\":2,\"name\":\"Wine tourism\",\"item\":\"https:\/\/www.vins-bergeracduras.fr\/wine-tourism\/\"},{\"@type\":\"ListItem\",\"position\":3,\"name\":\"Les Maisons des Vins\",\"item\":\"https:\/\/www.vins-bergeracduras.fr\/oenotourisme\/les-maisons-des-vins\/\"},{\"@type\":\"ListItem\",\"position\":4,\"name\":\"Maison des vins de Duras\"}]},{\"@type\":\"WebSite\",\"@id\":\"https:\/\/www.vins-bergeracduras.fr\/#website\",\"url\":\"https:\/\/www.vins-bergeracduras.fr\/\",\"name\":\"Vins de Bergerac et Duras\",\"description\":\"\",\"potentialAction\":[{\"@type\":\"SearchAction\",\"target\":{\"@type\":\"EntryPoint\",\"urlTemplate\":\"https:\/\/www.vins-bergeracduras.fr\/?s={search_term_string}\"},\"query-input\":{\"@type\":\"PropertyValueSpecification\",\"valueRequired\":true,\"valueName\":\"search_term_string\"}}],\"inLanguage\":\"en-US\"}]}<\/script>\n<!-- \/ Yoast SEO plugin. -->","yoast_head_json":{"title":"Maison des vins de Duras - Vins de Bergerac et Duras","robots":{"index":"index","follow":"follow","max-snippet":"max-snippet:-1","max-image-preview":"max-image-preview:large","max-video-preview":"max-video-preview:-1"},"canonical":"https:\/\/www.vins-bergeracduras.fr\/en\/wine-tourism\/les-maisons-des-vins\/maison-des-vins-de-duras\/","og_locale":"en_US","og_type":"article","og_title":"Maison des vins de Duras - Vins de Bergerac et Duras","og_description":"Maison des Vins de Duras Maison des Vins de Duras takes visitors on a sensational (in every sense of the word) adventure exploring the vineyard on the edge of the village and its fabulous Ch\u00e2teau! Dive into the world of wine! Maison des\u00a0Vins brings you a guided tasting experience sampling several wine options. The shop [&hellip;]","og_url":"https:\/\/www.vins-bergeracduras.fr\/en\/wine-tourism\/les-maisons-des-vins\/maison-des-vins-de-duras\/","og_site_name":"Vins de Bergerac et Duras","article_modified_time":"2024-12-21T16:09:17+00:00","og_image":[{"url":"https:\/\/www.vins-bergeracduras.fr\/wp-content\/uploads\/2022\/08\/Maison-des-vins-Duras.jpg","type":"","width":"","height":""}],"twitter_card":"summary_large_image","twitter_misc":{"Est. reading time":"2 minutes"},"schema":{"@context":"https:\/\/schema.org","@graph":[{"@type":"WebPage","@id":"https:\/\/www.vins-bergeracduras.fr\/en\/wine-tourism\/les-maisons-des-vins\/maison-des-vins-de-duras\/","url":"https:\/\/www.vins-bergeracduras.fr\/en\/wine-tourism\/les-maisons-des-vins\/maison-des-vins-de-duras\/","name":"Maison des vins de Duras - Vins de Bergerac et Duras","isPartOf":{"@id":"https:\/\/www.vins-bergeracduras.fr\/#website"},"primaryImageOfPage":{"@id":"https:\/\/www.vins-bergeracduras.fr\/en\/wine-tourism\/les-maisons-des-vins\/maison-des-vins-de-duras\/#primaryimage"},"image":{"@id":"https:\/\/www.vins-bergeracduras.fr\/en\/wine-tourism\/les-maisons-des-vins\/maison-des-vins-de-duras\/#primaryimage"},"thumbnailUrl":"https:\/\/www.vins-bergeracduras.fr\/wp-content\/uploads\/2022\/08\/Maison-des-vins-Duras.jpg","datePublished":"2022-06-07T10:10:07+00:00","dateModified":"2024-12-21T16:09:17+00:00","breadcrumb":{"@id":"https:\/\/www.vins-bergeracduras.fr\/en\/wine-tourism\/les-maisons-des-vins\/maison-des-vins-de-duras\/#breadcrumb"},"inLanguage":"en-US","potentialAction":[{"@type":"ReadAction","target":["https:\/\/www.vins-bergeracduras.fr\/en\/wine-tourism\/les-maisons-des-vins\/maison-des-vins-de-duras\/"]}]},{"@type":"ImageObject","inLanguage":"en-US","@id":"https:\/\/www.vins-bergeracduras.fr\/en\/wine-tourism\/les-maisons-des-vins\/maison-des-vins-de-duras\/#primaryimage","url":"https:\/\/www.vins-bergeracduras.fr\/wp-content\/uploads\/2022\/08\/Maison-des-vins-Duras.jpg","contentUrl":"https:\/\/www.vins-bergeracduras.fr\/wp-content\/uploads\/2022\/08\/Maison-des-vins-Duras.jpg"},{"@type":"BreadcrumbList","@id":"https:\/\/www.vins-bergeracduras.fr\/en\/wine-tourism\/les-maisons-des-vins\/maison-des-vins-de-duras\/#breadcrumb","itemListElement":[{"@type":"ListItem","position":1,"name":"Accueil","item":"https:\/\/www.vins-bergeracduras.fr\/en\/home\/"},{"@type":"ListItem","position":2,"name":"Wine tourism","item":"https:\/\/www.vins-bergeracduras.fr\/wine-tourism\/"},{"@type":"ListItem","position":3,"name":"Les Maisons des Vins","item":"https:\/\/www.vins-bergeracduras.fr\/oenotourisme\/les-maisons-des-vins\/"},{"@type":"ListItem","position":4,"name":"Maison des vins de Duras"}]},{"@type":"WebSite","@id":"https:\/\/www.vins-bergeracduras.fr\/#website","url":"https:\/\/www.vins-bergeracduras.fr\/","name":"Vins de Bergerac et Duras","description":"","potentialAction":[{"@type":"SearchAction","target":{"@type":"EntryPoint","urlTemplate":"https:\/\/www.vins-bergeracduras.fr\/?s={search_term_string}"},"query-input":{"@type":"PropertyValueSpecification","valueRequired":true,"valueName":"search_term_string"}}],"inLanguage":"en-US"}]}},"_links":{"self":[{"href":"https:\/\/www.vins-bergeracduras.fr\/en\/wp-json\/wp\/v2\/pages\/10420","targetHints":{"allow":["GET"]}}],"collection":[{"href":"https:\/\/www.vins-bergeracduras.fr\/en\/wp-json\/wp\/v2\/pages"}],"about":[{"href":"https:\/\/www.vins-bergeracduras.fr\/en\/wp-json\/wp\/v2\/types\/page"}],"author":[{"embeddable":true,"href":"https:\/\/www.vins-bergeracduras.fr\/en\/wp-json\/wp\/v2\/users\/1"}],"replies":[{"embeddable":true,"href":"https:\/\/www.vins-bergeracduras.fr\/en\/wp-json\/wp\/v2\/comments?post=10420"}],"version-history":[{"count":0,"href":"https:\/\/www.vins-bergeracduras.fr\/en\/wp-json\/wp\/v2\/pages\/10420\/revisions"}],"up":[{"embeddable":true,"href":"https:\/\/www.vins-bergeracduras.fr\/en\/wp-json\/wp\/v2\/pages\/10419"}],"wp:attachment":[{"href":"https:\/\/www.vins-bergeracduras.fr\/en\/wp-json\/wp\/v2\/media?parent=10420"}],"curies":[{"name":"wp","href":"https:\/\/api.w.org\/{rel}","templated":true}]}}